{"id":12782,"date":"2012-07-31T02:15:48","date_gmt":"2012-07-31T02:15:48","guid":{"rendered":"http:\/\/somrie.com\/ca\/sobre-nosotros\/"},"modified":"2021-09-13T07:26:55","modified_gmt":"2021-09-13T07:26:55","slug":"personal-shopper-inmobiliario","status":"publish","type":"page","link":"https:\/\/somrie.com\/ca\/personal-shopper-inmobiliario\/","title":{"rendered":"Sobre nosotros_OLD"},"content":{"rendered":"<div class=\"fusion-fullwidth fullwidth-box fusion-fullwidth-1  fusion-parallax-none nonhundred-percent-fullwidth\" style=\"border-bottom-width: 0px;border-top-width: 0px;border-bottom-style: solid;border-top-style: solid;padding-bottom:20px;padding-top:15px;padding-left:;padding-right:;background-color:#ececec;\"><style type=\"text\/css\" scoped=\"scoped\">.fusion-fullwidth-1 {\n                            padding-left: px !important;\n                            padding-right: px !important;\n                        }<\/style><div class=\"fusion-row\"><h1 style=\"text-align: center;\"><span style=\"color: #494748; line-height: 37px;\"><strong>SOMRIE&nbsp;lider en el mercado<\/strong><\/span><\/h1>\n<h2 style=\"text-align: center; line-height: 37px;\">SOMRIE es el grupo l\u00edder, a nivel nacional, en la prestaci\u00f3n de servicios inmobiliarios bajo el concepto de: <strong>Real Estate Personal Shopper<\/strong><\/h2>\n<\/div><\/div><div class=\"fusion-section-separator section-separator\"><div class=\"divider-candy-arrow bottom\" style=\"top:0px;border-top-color: #ececec;\"><\/div><div class=\"divider-candy bottom\" style=\"bottom:-20px;border-bottom:1px solid ;border-left:1px solid ;\"><\/div><\/div><div class=\"fusion-fullwidth fullwidth-box fusion-fullwidth-2  fusion-parallax-none nonhundred-percent-fullwidth\" style=\"border-bottom-width: 0px;border-top-width: 0px;border-bottom-style: solid;border-top-style: solid;padding-bottom:20px;padding-top:30px;padding-left:0px;padding-right:0px;\"><style type=\"text\/css\" scoped=\"scoped\">.fusion-fullwidth-2 {\n                            padding-left: 0px !important;\n                            padding-right: 0px !important;\n                        }<\/style><div class=\"fusion-row\"><div class=\"fusion-one-half fusion-layout-column fusion-spacing-yes\" style=\"margin-top:;margin-bottom:;\"><div class=\"fusion-column-wrapper\"><div class=\"fusion-sep-clear\"><\/div><div class=\"fusion-separator fusion-full-width-sep sep-none\" style=\"margin-left: auto;margin-right: auto;margin-top:40px;margin-bottom:15px;\"><\/div><p style=\"text-align: justify;\"><a href=\"http:\/\/somrie.com\/wp-content\/uploads\/2015\/06\/icon-somrie.png\"><img loading=\"lazy\" decoding=\"async\" class=\" wp-image-14415 size-thumbnail alignleft\" src=\"https:\/\/somrie.com\/wp-content\/uploads\/2015\/06\/icon-somrie-150x150.png\" alt=\"icon-somrie\" width=\"150\" height=\"150\" srcset=\"https:\/\/somrie.com\/wp-content\/uploads\/2015\/06\/icon-somrie-150x150.png 150w, https:\/\/somrie.com\/wp-content\/uploads\/2015\/06\/icon-somrie-400x400.png 400w, https:\/\/somrie.com\/wp-content\/uploads\/2015\/06\/icon-somrie-66x66.png 66w\" sizes=\"auto, (max-width: 150px) 100vw, 150px\" \/><\/a>Presente en el mercado espa\u00f1ol desde el a\u00f1o 2010, SOMRIE naci\u00f3 con el objetivo de llenar un espacio hasta hoy vac\u00edo dentro del mercado inmobiliario espa\u00f1ol.<\/p>\n<p style=\"text-align: justify;\">Para ello se crea la figura del Personal Shopper Inmobiliario, el cual, posicionado al lado del cliente comprador busca, selecciona y negocia en su nombre para conseguir una compra sin riesgo, en las mejores condiciones y a los mejores precios.<\/p>\n<p style=\"text-align: justify;\">SOMRIE cuenta actualmente con oficinas en Barcelona, Madrid, Bilbao, M\u00e9xico, Brasil, Londres, Shangh\u00e1i, Malasia y Argentina.<\/p>\n<div class=\"fusion-clearfix\"><\/div><\/div><\/div><div class=\"fusion-one-half fusion-layout-column fusion-column-last fusion-spacing-yes\" style=\"margin-top:;margin-bottom:;\"><div class=\"fusion-column-wrapper\"><h3><strong><span style=\"color: #494748;\">NUESTRA MISI\u00d3N<\/span><\/strong><\/h3>\n<ul class=\"fusion-checklist fusion-checklist-1\" style=\"font-size:15px;line-height:25.5px;\"><li class=\"fusion-li-item\"><span style=\"height:25.5px;width:25.5px;margin-right:10.5px;\" class=\"icon-wrapper circle-no\"><i class=\"fusion-li-icon fa fa-check\" style=\"color:;\"><\/i><\/span><div class=\"fusion-li-item-content\" style=\"margin-left:36px;\">Ofrecer un SERVICIO completo, profesional y personalizado al comprador Inmobiliario posicionado a su lado, trabajando por y para sus intereses.<\/div><\/li><li class=\"fusion-li-item\"><span style=\"height:25.5px;width:25.5px;margin-right:10.5px;\" class=\"icon-wrapper circle-no\"><i class=\"fusion-li-icon fa fa-check\" style=\"color:;\"><\/i><\/span><div class=\"fusion-li-item-content\" style=\"margin-left:36px;\">ASESORAR en todo tipo de operaciones inmobiliarias y patrimoniales tanto a empresas como a particulares.<\/div><\/li><li class=\"fusion-li-item\"><span style=\"height:25.5px;width:25.5px;margin-right:10.5px;\" class=\"icon-wrapper circle-no\"><i class=\"fusion-li-icon fa fa-check\" style=\"color:;\"><\/i><\/span><div class=\"fusion-li-item-content\" style=\"margin-left:36px;\">ACOMPA\u00d1AR al cliente durante toda la trayectoria de la operaci\u00f3n actuando con criterio \u00e9tico y profesional ayudando a satisfacer sus necesidades y a cumplir sus expectativas.<\/div><\/li><\/ul><h3><strong><span style=\"color: #494748;\">EQUIPO MULTILING\u00dcE<\/span><\/strong><\/h3>\n<p>Contamos con&nbsp;un equipo diverso y multicultural, formado por profesionales multiling\u00fces y con alta trayectoria dentro del mercado inmobiliario.<\/p>\n<p>Podemos atender a nuestros&nbsp;clientes en Ingl\u00e9s, Franc\u00e9s, Espa\u00f1ol, Catal\u00e1n, Euskara, Alem\u00e1n, Portugu\u00e9s y \u00c1rabe.<\/p>\n<div class=\"fusion-clearfix\"><\/div><\/div><\/div><div class=\"fusion-clearfix\"><\/div><\/div><\/div><div class=\"fusion-fullwidth fullwidth-box fusion-fullwidth-3  fusion-parallax-fixed nonhundred-percent-fullwidth\" style=\"border-bottom-width: 0px;border-top-width: 0px;border-bottom-style: solid;border-top-style: solid;padding-bottom:50px;padding-top:50px;padding-left:0px;padding-right:0px;background-attachment:fixed;background-color:#ffffff;background-position:left top;background-repeat:no-repeat;-webkit-background-size:cover;-moz-background-size:cover;-o-background-size:cover;background-size:cover;-ms-filter: &quot;progid:DXImageTransform.Microsoft.AlphaImageLoader(src=&#039;http:\/\/somrie.com\/wp-content\/uploads\/2012\/07\/servicios-banner11.jpg&#039;, sizingMethod=&#039;scale&#039;)&quot;;background-image: url(http:\/\/somrie.com\/wp-content\/uploads\/2012\/07\/servicios-banner11.jpg);\"><style type=\"text\/css\" scoped=\"scoped\">.fusion-fullwidth-3 {\n                            padding-left: 0px !important;\n                            padding-right: 0px !important;\n                        }<\/style><div class=\"fusion-row\"><h1 style=\"text-align: center;\"><strong><span style=\"color: #494748; line-height: 37px;\">\u201cInnovando por un sector inmobiliario m\u00e1s justo, y para un comprador m\u00e1s protegido, satisfecho y feliz.\u201d<\/span><\/strong><\/h1>\n<\/div><\/div><div class=\"fusion-fullwidth fullwidth-box fusion-fullwidth-4  fusion-parallax-none nonhundred-percent-fullwidth\" style=\"border-bottom-width: 0px;border-top-width: 0px;border-bottom-style: solid;border-top-style: solid;padding-bottom:40px;padding-top:40px;padding-left:0px;padding-right:0px;\"><style type=\"text\/css\" scoped=\"scoped\">.fusion-fullwidth-4 {\n                            padding-left: 0px !important;\n                            padding-right: 0px !important;\n                        }<\/style><div class=\"fusion-row\"><div class=\"fusion-title title fusion-sep-none fusion-title-size-two\"><h2 class=\"title-heading-left\"><strong><span style=\"color: #494748; font-size: 30px;\">Somos miembros de las siguientes organizaciones<\/span><\/strong><\/h2><\/div><div class=\"fusion-one-half fusion-layout-column fusion-spacing-yes\" style=\"margin-top:;margin-bottom:;\"><div class=\"fusion-column-wrapper\"><div class=\"fusion-sep-clear\"><\/div><div class=\"fusion-separator fusion-full-width-sep sep-none\" style=\"margin-left: auto;margin-right: auto;margin-top:15px;margin-bottom:15px;\"><\/div><ul class=\"fusion-checklist fusion-checklist-2\" style=\"font-size:15px;line-height:25.5px;\"><li class=\"fusion-li-item\"><span style=\"height:25.5px;width:25.5px;margin-right:10.5px;\" class=\"icon-wrapper circle-no\"><i class=\"fusion-li-icon fa fa-check\" style=\"color:;\"><\/i><\/span><div class=\"fusion-li-item-content\" style=\"margin-left:36px;\">SOMRIE es la primera empresa Espa\u00f1ola en ofrecer estos servicios, y la primera acreditada por las asociaciones americanas \u201c<strong>The National Association Realtor<\/strong>\u201d <strong>NAR<\/strong> y \u201c<strong>The Agent Buyer Representative<\/strong>\u201d <strong>ABR<\/strong>.<\/div><\/li><li class=\"fusion-li-item\"><span style=\"height:25.5px;width:25.5px;margin-right:10.5px;\" class=\"icon-wrapper circle-no\"><i class=\"fusion-li-icon fa fa-check\" style=\"color:;\"><\/i><\/span><div class=\"fusion-li-item-content\" style=\"margin-left:36px;\">SOMRIE es socio fundador de <strong>AEPSI<\/strong> (<strong>Asociaci\u00f3n Espa\u00f1ola de Personal Shopper Inmobiliario<\/strong>) y comprometido con su C\u00f3digo Deontol\u00f3gico.<\/div><\/li><\/ul><div class=\"fusion-sep-clear\"><\/div><div class=\"fusion-separator fusion-full-width-sep sep-none\" style=\"margin-left: auto;margin-right: auto;margin-top:15px;margin-bottom:15px;\"><\/div><div class=\"fusion-clearfix\"><\/div><\/div><\/div><div class=\"fusion-one-half fusion-layout-column fusion-column-last fusion-spacing-yes\" style=\"margin-top:;margin-bottom:;\"><div class=\"fusion-column-wrapper\"><div class=\"fusion-sep-clear\"><\/div><div class=\"fusion-separator fusion-full-width-sep sep-none\" style=\"margin-left: auto;margin-right: auto;margin-top:0px;margin-bottom:20px;\"><\/div><div class=\"fusion-image-carousel fusion-image-carousel-fixed lightbox-enabled\"><div class=\"fusion-carousel\" data-autoplay=\"yes\" data-columns=\"1\" data-itemmargin=\"13\" data-itemwidth=\"180\" data-touchscroll=\"no\" data-imagesize=\"fixed\"><div class=\"fusion-carousel-positioner\"><ul class=\"fusion-carousel-holder\"><li class=\"fusion-carousel-item\"><div class=\"fusion-carousel-item-wrapper\"><div class=\"fusion-image-wrapper hover-type-none\"><a data-rel=\"iLightbox[gallery_image_1]\" href=\"http:\/\/somrie.com\/wp-content\/uploads\/2012\/07\/logo_lrg1.png\" target=\"_self\"><img decoding=\"async\" src=\"http:\/\/somrie.com\/wp-content\/uploads\/2012\/07\/logo_lrg1.png\" width=\"\" height=\"\" alt=\"\" \/><\/a><\/div><\/div><\/li><li class=\"fusion-carousel-item\"><div class=\"fusion-carousel-item-wrapper\"><div class=\"fusion-image-wrapper hover-type-none\"><a data-rel=\"iLightbox[gallery_image_1]\" href=\"http:\/\/somrie.com\/wp-content\/uploads\/2012\/07\/customer-aepsi.jpg\" target=\"_self\"><img decoding=\"async\" src=\"http:\/\/somrie.com\/wp-content\/uploads\/2012\/07\/customer-aepsi.jpg\" width=\"\" height=\"\" alt=\"\" \/><\/a><\/div><\/div><\/li><li class=\"fusion-carousel-item\"><div class=\"fusion-carousel-item-wrapper\"><div class=\"fusion-image-wrapper hover-type-none\"><a data-rel=\"iLightbox[gallery_image_1]\" href=\"http:\/\/somrie.com\/wp-content\/uploads\/2012\/07\/FIABCI.png\" target=\"_self\"><img decoding=\"async\" src=\"http:\/\/somrie.com\/wp-content\/uploads\/2012\/07\/FIABCI.png\" width=\"\" height=\"\" alt=\"\" \/><\/a><\/div><\/div><\/li><\/ul><\/div><\/div><\/div><div class=\"fusion-sep-clear\"><\/div><div class=\"fusion-separator fusion-full-width-sep sep-shadow\" style=\"margin-left: auto;margin-right: auto;margin-top:;\"><\/div><div class=\"fusion-clearfix\"><\/div><\/div><\/div><div class=\"fusion-clearfix\"><\/div><\/div><\/div><div class=\"fusion-sep-clear\"><\/div><div class=\"fusion-separator fusion-full-width-sep sep-single\" style=\"border-color:#e2e2e2;border-top-width:0px;margin-left: auto;margin-right: auto;margin-top:;\"><\/div><div class=\"fusion-fullwidth fullwidth-box fusion-fullwidth-5  fusion-parallax-none nonhundred-percent-fullwidth\" style=\"border-bottom-width: 0px;border-top-width: 0px;border-bottom-style: solid;border-top-style: solid;padding-bottom:0px;padding-top:0px;padding-left:0px;padding-right:0px;background-color:#ececec;\"><style type=\"text\/css\" scoped=\"scoped\">.fusion-fullwidth-5 {\n                            padding-left: 0px !important;\n                            padding-right: 0px !important;\n                        }<\/style><div class=\"fusion-row\"><div class=\"fusion-two-fifth fusion-layout-column fusion-spacing-yes\" style=\"margin-top:;margin-bottom:;\"><div class=\"fusion-column-wrapper\"><div class=\"fusion-sep-clear\"><\/div><div class=\"fusion-separator fusion-full-width-sep sep-none\" style=\"margin-left: auto;margin-right: auto;margin-top:35px;margin-bottom:15px;\"><\/div><h2><strong><img loading=\"lazy\" decoding=\"async\" class=\"alignleft\" src=\"http:\/\/somrie.com\/wp-content\/uploads\/2015\/06\/premio.png\" alt=\"\" width=\"64\" height=\"195\"\/><\/strong><\/h2>\n<h2 style=\"text-align: center;\"><\/h2>\n<p>&nbsp;<\/p>\n<h2 style=\"text-align: center;\"><strong>GANADOR DEL PREMIO<\/strong><\/h2>\n<h2 style=\"text-align: center;\"><strong>\u201cEl Suplemento 2015 a la Innovaci\u00f3n <\/strong><strong>en Servicios Inmobiliarios\u201d<\/strong><\/h2>\n<div class=\"fusion-clearfix\"><\/div><\/div><\/div><div class=\"fusion-three-fifth fusion-layout-column fusion-column-last fusion-spacing-yes\" style=\"margin-top:;margin-bottom:0px;\"><div class=\"fusion-column-wrapper\"><div class=\"fusion-sep-clear\"><\/div><div class=\"fusion-separator fusion-full-width-sep sep-none\" style=\"margin-left: auto;margin-right: auto;margin-top:15px;margin-bottom:0px;\"><\/div><div class=\"fusion-video fusion-youtube\" style=\"max-width:600px;max-height:300px;\"><div class=\"video-shortcode\"><iframe loading=\"lazy\" title=\"YouTube video player\" src=\"https:\/\/www.youtube.com\/embed\/BVbSgMgc4pA?t=48m15s?wmode=transparent&autoplay=0\" width=\"600\" height=\"300\" allowfullscreen><\/iframe><\/div><\/div><div class=\"fusion-clearfix\"><\/div><\/div><\/div><div class=\"fusion-clearfix\"><\/div><\/div><\/div><div class=\"fusion-sep-clear\"><\/div><div class=\"fusion-separator fusion-full-width-sep sep-single\" style=\"border-color:#e2e2e2;border-top-width:0px;margin-left: auto;margin-right: auto;margin-top:;\"><\/div><div class=\"fusion-fullwidth fullwidth-box fusion-fullwidth-6  fusion-parallax-none nonhundred-percent-fullwidth\" style=\"border-bottom-width: 0px;border-top-width: 0px;border-bottom-style: solid;border-top-style: solid;padding-bottom:0px;padding-top:30px;padding-left:0px;padding-right:0px;\"><style type=\"text\/css\" scoped=\"scoped\">.fusion-fullwidth-6 {\n                            padding-left: 0px !important;\n                            padding-right: 0px !important;\n                        }<\/style><div class=\"fusion-row\"><div class=\"fusion-sep-clear\"><\/div><div class=\"fusion-separator fusion-full-width-sep sep-none\" style=\"margin-left: auto;margin-right: auto;margin-top:20px;margin-bottom:20px;\"><\/div><div class=\"fusion-title title fusion-sep-none fusion-title-size-two\"><h2 class=\"title-heading-left\"><strong><span style=\"color: #494748; font-size: 30px;\">Nuestros clientes<\/span><\/strong><\/h2><\/div><div class=\"fusion-image-carousel fusion-image-carousel-auto fusion-carousel-border\"><div class=\"fusion-carousel\" data-autoplay=\"no\" data-columns=\"5\" data-itemmargin=\"5\" data-itemwidth=\"180\" data-touchscroll=\"no\" data-imagesize=\"auto\"><div class=\"fusion-carousel-positioner\"><ul class=\"fusion-carousel-holder\"><li class=\"fusion-carousel-item\"><div class=\"fusion-carousel-item-wrapper\"><div class=\"fusion-image-wrapper hover-type-none\"><img decoding=\"async\" src=\"http:\/\/somrie.com\/wp-content\/uploads\/2012\/07\/logo-1.png\" width=\"\" height=\"\" alt=\"\" \/><\/div><\/div><\/li><li class=\"fusion-carousel-item\"><div class=\"fusion-carousel-item-wrapper\"><div class=\"fusion-image-wrapper hover-type-none\"><img decoding=\"async\" src=\"http:\/\/somrie.com\/wp-content\/uploads\/2012\/07\/logo-2.png\" width=\"\" height=\"\" alt=\"\" \/><\/div><\/div><\/li><li class=\"fusion-carousel-item\"><div class=\"fusion-carousel-item-wrapper\"><div class=\"fusion-image-wrapper hover-type-none\"><img decoding=\"async\" src=\"http:\/\/somrie.com\/wp-content\/uploads\/2012\/07\/logo-3.png\" width=\"\" height=\"\" alt=\"\" \/><\/div><\/div><\/li><li class=\"fusion-carousel-item\"><div class=\"fusion-carousel-item-wrapper\"><div class=\"fusion-image-wrapper hover-type-none\"><img decoding=\"async\" src=\"http:\/\/somrie.com\/wp-content\/uploads\/2012\/07\/logo-4.png\" width=\"\" height=\"\" alt=\"\" \/><\/div><\/div><\/li><li class=\"fusion-carousel-item\"><div class=\"fusion-carousel-item-wrapper\"><div class=\"fusion-image-wrapper hover-type-none\"><img decoding=\"async\" src=\"http:\/\/somrie.com\/wp-content\/uploads\/2012\/07\/logo-5.png\" width=\"\" height=\"\" alt=\"\" \/><\/div><\/div><\/li><li class=\"fusion-carousel-item\"><div class=\"fusion-carousel-item-wrapper\"><div class=\"fusion-image-wrapper hover-type-none\"><img decoding=\"async\" src=\"http:\/\/somrie.com\/wp-content\/uploads\/2012\/07\/logo-6.png\" width=\"\" height=\"\" alt=\"\" \/><\/div><\/div><\/li><li class=\"fusion-carousel-item\"><div class=\"fusion-carousel-item-wrapper\"><div class=\"fusion-image-wrapper hover-type-none\"><img decoding=\"async\" src=\"http:\/\/somrie.com\/wp-content\/uploads\/2012\/07\/logo-7.png\" width=\"\" height=\"\" alt=\"\" \/><\/div><\/div><\/li><li class=\"fusion-carousel-item\"><div class=\"fusion-carousel-item-wrapper\"><div class=\"fusion-image-wrapper hover-type-none\"><img decoding=\"async\" src=\"http:\/\/somrie.com\/wp-content\/uploads\/2012\/07\/buti.png\" width=\"\" height=\"\" alt=\"\" \/><\/div><\/div><\/li><li class=\"fusion-carousel-item\"><div class=\"fusion-carousel-item-wrapper\"><div class=\"fusion-image-wrapper hover-type-none\"><img decoding=\"async\" src=\"http:\/\/somrie.com\/wp-content\/uploads\/2012\/07\/logo-8.png\" width=\"\" height=\"\" alt=\"\" \/><\/div><\/div><\/li><li class=\"fusion-carousel-item\"><div class=\"fusion-carousel-item-wrapper\"><div class=\"fusion-image-wrapper hover-type-none\"><img decoding=\"async\" src=\"http:\/\/somrie.com\/wp-content\/uploads\/2012\/07\/studio-d.png\" width=\"\" height=\"\" alt=\"\" \/><\/div><\/div><\/li><li class=\"fusion-carousel-item\"><div class=\"fusion-carousel-item-wrapper\"><div class=\"fusion-image-wrapper hover-type-none\"><img decoding=\"async\" src=\"http:\/\/somrie.com\/wp-content\/uploads\/2012\/07\/nou-lunas.png\" width=\"\" height=\"\" alt=\"\" \/><\/div><\/div><\/li><li class=\"fusion-carousel-item\"><div class=\"fusion-carousel-item-wrapper\"><div class=\"fusion-image-wrapper hover-type-none\"><img decoding=\"async\" src=\"http:\/\/somrie.com\/wp-content\/uploads\/2012\/07\/motos.png\" width=\"\" height=\"\" alt=\"\" \/><\/div><\/div><\/li><li class=\"fusion-carousel-item\"><div class=\"fusion-carousel-item-wrapper\"><div class=\"fusion-image-wrapper hover-type-none\"><img decoding=\"async\" src=\"http:\/\/somrie.com\/wp-content\/uploads\/2012\/07\/motel-one.png\" width=\"\" height=\"\" alt=\"\" \/><\/div><\/div><\/li><li class=\"fusion-carousel-item\"><div class=\"fusion-carousel-item-wrapper\"><div class=\"fusion-image-wrapper hover-type-none\"><img decoding=\"async\" src=\"http:\/\/somrie.com\/wp-content\/uploads\/2012\/07\/baby-sensory.png\" width=\"\" height=\"\" alt=\"\" \/><\/div><\/div><\/li><\/ul><div class=\"fusion-carousel-nav\"><span class=\"fusion-nav-prev\"><\/span><span class=\"fusion-nav-next\"><\/span><\/div><\/div><\/div><\/div><\/div><\/div>\n","protected":false},"excerpt":{"rendered":"SOMRIE&nbsp;lider en el mercado SOMRIE es el grupo l\u00edder, a nivel nacional, en la prestaci\u00f3n de servicios inmobiliarios bajo el concepto de: Real Estate Personal Shopper Presente en el mercado espa\u00f1ol desde el a\u00f1o 2010, SOMRIE naci\u00f3 con el objetivo de llenar un espacio hasta hoy vac\u00edo dentro del mercado inmobiliario espa\u00f1ol. Para ello se [...]","protected":false},"author":1,"featured_media":0,"parent":0,"menu_order":0,"comment_status":"open","ping_status":"open","template":"","meta":{"inline_featured_image":false,"footnotes":""},"class_list":["post-12782","page","type-page","status-publish","hentry"],"yoast_head":"<!-- This site is optimized with the Yoast SEO Premium plugin v20.9 (Yoast SEO v24.0) - https:\/\/yoast.com\/wordpress\/plugins\/seo\/ -->\n<title>Sobre nosotros_OLD - Somrie<\/title>\n<meta name=\"robots\" content=\"index, follow, max-snippet:-1, max-image-preview:large, max-video-preview:-1\" \/>\n<link rel=\"canonical\" href=\"https:\/\/somrie.com\/ca\/personal-shopper-inmobiliario\/\" \/>\n<meta property=\"og:locale\" content=\"ca_ES\" \/>\n<meta property=\"og:type\" content=\"article\" \/>\n<meta property=\"og:title\" content=\"Sobre nosotros_OLD\" \/>\n<meta property=\"og:url\" content=\"https:\/\/somrie.com\/ca\/personal-shopper-inmobiliario\/\" \/>\n<meta property=\"og:site_name\" content=\"Somrie\" \/>\n<meta property=\"article:modified_time\" content=\"2021-09-13T07:26:55+00:00\" \/>\n<meta property=\"og:image\" content=\"https:\/\/somrie.com\/wp-content\/uploads\/2015\/06\/icon-somrie-150x150.png\" \/>\n<meta name=\"twitter:card\" content=\"summary_large_image\" \/>\n<meta name=\"twitter:label1\" content=\"Temps estimat de lectura\" \/>\n\t<meta name=\"twitter:data1\" content=\"9 minuts\" \/>\n<script type=\"application\/ld+json\" class=\"yoast-schema-graph\">{\"@context\":\"https:\/\/schema.org\",\"@graph\":[{\"@type\":\"WebPage\",\"@id\":\"https:\/\/somrie.com\/ca\/personal-shopper-inmobiliario\/\",\"url\":\"https:\/\/somrie.com\/ca\/personal-shopper-inmobiliario\/\",\"name\":\"Sobre nosotros_OLD - Somrie\",\"isPartOf\":{\"@id\":\"https:\/\/somrie.com\/#website\"},\"primaryImageOfPage\":{\"@id\":\"https:\/\/somrie.com\/ca\/personal-shopper-inmobiliario\/#primaryimage\"},\"image\":{\"@id\":\"https:\/\/somrie.com\/ca\/personal-shopper-inmobiliario\/#primaryimage\"},\"thumbnailUrl\":\"https:\/\/somrie.com\/wp-content\/uploads\/2015\/06\/icon-somrie-150x150.png\",\"datePublished\":\"2012-07-31T02:15:48+00:00\",\"dateModified\":\"2021-09-13T07:26:55+00:00\",\"breadcrumb\":{\"@id\":\"https:\/\/somrie.com\/ca\/personal-shopper-inmobiliario\/#breadcrumb\"},\"inLanguage\":\"ca\",\"potentialAction\":[{\"@type\":\"ReadAction\",\"target\":[\"https:\/\/somrie.com\/ca\/personal-shopper-inmobiliario\/\"]}]},{\"@type\":\"ImageObject\",\"inLanguage\":\"ca\",\"@id\":\"https:\/\/somrie.com\/ca\/personal-shopper-inmobiliario\/#primaryimage\",\"url\":\"https:\/\/somrie.com\/wp-content\/uploads\/2015\/06\/icon-somrie-150x150.png\",\"contentUrl\":\"https:\/\/somrie.com\/wp-content\/uploads\/2015\/06\/icon-somrie-150x150.png\"},{\"@type\":\"BreadcrumbList\",\"@id\":\"https:\/\/somrie.com\/ca\/personal-shopper-inmobiliario\/#breadcrumb\",\"itemListElement\":[{\"@type\":\"ListItem\",\"position\":1,\"name\":\"Portada\",\"item\":\"https:\/\/somrie.com\/\"},{\"@type\":\"ListItem\",\"position\":2,\"name\":\"Sobre nosotros_OLD\"}]},{\"@type\":\"WebSite\",\"@id\":\"https:\/\/somrie.com\/#website\",\"url\":\"https:\/\/somrie.com\/\",\"name\":\"Somrie\",\"description\":\"Personal Shopper Inmobiliario\",\"potentialAction\":[{\"@type\":\"SearchAction\",\"target\":{\"@type\":\"EntryPoint\",\"urlTemplate\":\"https:\/\/somrie.com\/?s={search_term_string}\"},\"query-input\":{\"@type\":\"PropertyValueSpecification\",\"valueRequired\":true,\"valueName\":\"search_term_string\"}}],\"inLanguage\":\"ca\"}]}<\/script>\n<!-- \/ Yoast SEO Premium plugin. -->","yoast_head_json":{"title":"Sobre nosotros_OLD - Somrie","robots":{"index":"index","follow":"follow","max-snippet":"max-snippet:-1","max-image-preview":"max-image-preview:large","max-video-preview":"max-video-preview:-1"},"canonical":"https:\/\/somrie.com\/ca\/personal-shopper-inmobiliario\/","og_locale":"ca_ES","og_type":"article","og_title":"Sobre nosotros_OLD","og_url":"https:\/\/somrie.com\/ca\/personal-shopper-inmobiliario\/","og_site_name":"Somrie","article_modified_time":"2021-09-13T07:26:55+00:00","og_image":[{"url":"https:\/\/somrie.com\/wp-content\/uploads\/2015\/06\/icon-somrie-150x150.png","type":"","width":"","height":""}],"twitter_card":"summary_large_image","twitter_misc":{"Temps estimat de lectura":"9 minuts"},"schema":{"@context":"https:\/\/schema.org","@graph":[{"@type":"WebPage","@id":"https:\/\/somrie.com\/ca\/personal-shopper-inmobiliario\/","url":"https:\/\/somrie.com\/ca\/personal-shopper-inmobiliario\/","name":"Sobre nosotros_OLD - Somrie","isPartOf":{"@id":"https:\/\/somrie.com\/#website"},"primaryImageOfPage":{"@id":"https:\/\/somrie.com\/ca\/personal-shopper-inmobiliario\/#primaryimage"},"image":{"@id":"https:\/\/somrie.com\/ca\/personal-shopper-inmobiliario\/#primaryimage"},"thumbnailUrl":"https:\/\/somrie.com\/wp-content\/uploads\/2015\/06\/icon-somrie-150x150.png","datePublished":"2012-07-31T02:15:48+00:00","dateModified":"2021-09-13T07:26:55+00:00","breadcrumb":{"@id":"https:\/\/somrie.com\/ca\/personal-shopper-inmobiliario\/#breadcrumb"},"inLanguage":"ca","potentialAction":[{"@type":"ReadAction","target":["https:\/\/somrie.com\/ca\/personal-shopper-inmobiliario\/"]}]},{"@type":"ImageObject","inLanguage":"ca","@id":"https:\/\/somrie.com\/ca\/personal-shopper-inmobiliario\/#primaryimage","url":"https:\/\/somrie.com\/wp-content\/uploads\/2015\/06\/icon-somrie-150x150.png","contentUrl":"https:\/\/somrie.com\/wp-content\/uploads\/2015\/06\/icon-somrie-150x150.png"},{"@type":"BreadcrumbList","@id":"https:\/\/somrie.com\/ca\/personal-shopper-inmobiliario\/#breadcrumb","itemListElement":[{"@type":"ListItem","position":1,"name":"Portada","item":"https:\/\/somrie.com\/"},{"@type":"ListItem","position":2,"name":"Sobre nosotros_OLD"}]},{"@type":"WebSite","@id":"https:\/\/somrie.com\/#website","url":"https:\/\/somrie.com\/","name":"Somrie","description":"Personal Shopper Inmobiliario","potentialAction":[{"@type":"SearchAction","target":{"@type":"EntryPoint","urlTemplate":"https:\/\/somrie.com\/?s={search_term_string}"},"query-input":{"@type":"PropertyValueSpecification","valueRequired":true,"valueName":"search_term_string"}}],"inLanguage":"ca"}]}},"_links":{"self":[{"href":"https:\/\/somrie.com\/ca\/wp-json\/wp\/v2\/pages\/12782","targetHints":{"allow":["GET"]}}],"collection":[{"href":"https:\/\/somrie.com\/ca\/wp-json\/wp\/v2\/pages"}],"about":[{"href":"https:\/\/somrie.com\/ca\/wp-json\/wp\/v2\/types\/page"}],"author":[{"embeddable":true,"href":"https:\/\/somrie.com\/ca\/wp-json\/wp\/v2\/users\/1"}],"replies":[{"embeddable":true,"href":"https:\/\/somrie.com\/ca\/wp-json\/wp\/v2\/comments?post=12782"}],"version-history":[{"count":7,"href":"https:\/\/somrie.com\/ca\/wp-json\/wp\/v2\/pages\/12782\/revisions"}],"predecessor-version":[{"id":14422,"href":"https:\/\/somrie.com\/ca\/wp-json\/wp\/v2\/pages\/12782\/revisions\/14422"}],"wp:attachment":[{"href":"https:\/\/somrie.com\/ca\/wp-json\/wp\/v2\/media?parent=12782"}],"curies":[{"name":"wp","href":"https:\/\/api.w.org\/{rel}","templated":true}]}}