{"id":13367,"date":"2015-09-15T21:21:47","date_gmt":"2015-09-15T21:21:47","guid":{"rendered":"http:\/\/somrie.com\/ca\/mentions-legales\/"},"modified":"2015-09-15T21:45:50","modified_gmt":"2015-09-15T21:45:50","slug":"condicions-legals","status":"publish","type":"page","link":"https:\/\/somrie.com\/ca\/condicions-legals\/","title":{"rendered":"Condicions legals"},"content":{"rendered":"<p>Aquesta web i el seu contingut inclosos text, imatges i arxius de so, com tots els altres continguts, s\u00f3n propietat de SOMRIE servicios Personal Shopper S.L. B-65.770.489 o altres entitats relacionades amb el consorci de tercers que estan autoritzats per utilitzar aquest contingut per SOMRIE servicios Personal Shopper S.L. Tots els drets reservats. L&#8217;acc\u00e9s a aquesta web est\u00e0 subjecte a les seg\u00fcents condicions:<\/p>\n<ul>\n<li>L&#8217;\u00fas d&#8217;aquesta web est\u00e0 destinat nom\u00e9s per a fins personals; l&#8217;\u00fas comercial est\u00e0 prohibit. Aquesta web i els seus continguts no poden ser alterats de cap manera.<\/li>\n<li>La informaci\u00f3 administrativa subministrada via aquesta web no substitueix publicacions de lleis, regulacions generals i fets els quals deuen ser formalment publicats al Butllet\u00ed Oficial del Govern de Catalunya (DGOC) i a altres butlletins oficials que s\u00f3n els \u00fanics instruments v\u00e0lids per determinar l&#8217;autenticitat d&#8217;aquest contingut.<\/li>\n<li>El consorci no \u00e9s responsable de la informaci\u00f3 que es pot obtenir a partir d&#8217;enlla\u00e7os a llocs web externs que no estan subordinats a aquest cos.<\/li>\n<li>SOMRIE Servicios Personal Shopper S.L. no garanteix que el web i el servidor estiguin lliures de virus i no es fa responsable dels danys causats per l&#8217;acc\u00e9s al web o per la impossibilitat de fer-ho.<\/li>\n<li>Qualsevol cookies o altres tecnologies an\u00e0logues que es poden utilitzar no emmagatzemaran informaci\u00f3 que pugui utilitzar-se per identificar els usuaris individuals de la p\u00e0gina web.<\/li>\n<li>Qualsevol informaci\u00f3 personal proporcionada a SOMRIE Servicios Personal Shopper SL s&#8217;administrar\u00e0 conforme amb el que estableix l&#8217;article 5 de la Llei Org\u00e0nica 15\/1999, del 13 de desembre, de protecci\u00f3 de dades de car\u00e0cter personal (LOPD).<br \/>\nSi desitja exercir els drets de rectificaci\u00f3, cancel\u00b7laci\u00f3 o oposici\u00f3 de les seves dades personals o el seu \u00fas, pot comunicar-se amb SOMRIE Servicios Personal Shopper SL mitjan\u00e7ant la seg\u00fcent adre\u00e7a electr\u00f2nica:<\/li>\n<\/ul>\n<p><a href=\"mailto:info@somrie.com\">info@somrie.com<\/a><br \/>\no via correu ordinari a:<\/p>\n<p>Passeig de Gr\u00e0cia 16, 3-3<br \/>\n08007- Barcelona<br \/>\n\u00a9 SOMRIE Servicios Personal Shopper SL<\/p>\n","protected":false},"excerpt":{"rendered":"<p>Aquesta web i el seu contingut inclosos text, imatges i arxius de so, com tots els altres continguts, s\u00f3n propietat de SOMRIE servicios Personal Shopper S.L. B-65.770.489 o altres entitats relacionades amb el consorci de tercers que estan autoritzats per utilitzar aquest contingut per SOMRIE servicios Personal Shopper S.L. Tots els drets reservats. L&#8217;acc\u00e9s a [&hellip;]<\/p>\n","protected":false},"author":1,"featured_media":0,"parent":0,"menu_order":0,"comment_status":"closed","ping_status":"closed","template":"","meta":{"inline_featured_image":false,"footnotes":""},"class_list":["post-13367","page","type-page","status-publish","hentry"],"yoast_head":"<!-- This site is optimized with the Yoast SEO Premium plugin v20.9 (Yoast SEO v24.0) - https:\/\/yoast.com\/wordpress\/plugins\/seo\/ -->\n<title>Condicions legals - Somrie<\/title>\n<meta name=\"robots\" content=\"index, follow, max-snippet:-1, max-image-preview:large, max-video-preview:-1\" \/>\n<link rel=\"canonical\" href=\"https:\/\/somrie.com\/ca\/condicions-legals\/\" \/>\n<meta property=\"og:locale\" content=\"ca_ES\" \/>\n<meta property=\"og:type\" content=\"article\" \/>\n<meta property=\"og:title\" content=\"Condicions legals\" \/>\n<meta property=\"og:description\" content=\"Aquesta web i el seu contingut inclosos text, imatges i arxius de so, com tots els altres continguts, s\u00f3n propietat de SOMRIE servicios Personal Shopper S.L. B-65.770.489 o altres entitats relacionades amb el consorci de tercers que estan autoritzats per utilitzar aquest contingut per SOMRIE servicios Personal Shopper S.L. Tots els drets reservats. L&#8217;acc\u00e9s a [&hellip;]\" \/>\n<meta property=\"og:url\" content=\"https:\/\/somrie.com\/ca\/condicions-legals\/\" \/>\n<meta property=\"og:site_name\" content=\"Somrie\" \/>\n<meta property=\"article:modified_time\" content=\"2015-09-15T21:45:50+00:00\" \/>\n<meta name=\"twitter:card\" content=\"summary_large_image\" \/>\n<meta name=\"twitter:label1\" content=\"Temps estimat de lectura\" \/>\n\t<meta name=\"twitter:data1\" content=\"2 minuts\" \/>\n<script type=\"application\/ld+json\" class=\"yoast-schema-graph\">{\"@context\":\"https:\/\/schema.org\",\"@graph\":[{\"@type\":\"WebPage\",\"@id\":\"https:\/\/somrie.com\/ca\/condicions-legals\/\",\"url\":\"https:\/\/somrie.com\/ca\/condicions-legals\/\",\"name\":\"Condicions legals - Somrie\",\"isPartOf\":{\"@id\":\"https:\/\/somrie.com\/#website\"},\"datePublished\":\"2015-09-15T21:21:47+00:00\",\"dateModified\":\"2015-09-15T21:45:50+00:00\",\"breadcrumb\":{\"@id\":\"https:\/\/somrie.com\/ca\/condicions-legals\/#breadcrumb\"},\"inLanguage\":\"ca\",\"potentialAction\":[{\"@type\":\"ReadAction\",\"target\":[\"https:\/\/somrie.com\/ca\/condicions-legals\/\"]}]},{\"@type\":\"BreadcrumbList\",\"@id\":\"https:\/\/somrie.com\/ca\/condicions-legals\/#breadcrumb\",\"itemListElement\":[{\"@type\":\"ListItem\",\"position\":1,\"name\":\"Portada\",\"item\":\"https:\/\/somrie.com\/\"},{\"@type\":\"ListItem\",\"position\":2,\"name\":\"Condicions legals\"}]},{\"@type\":\"WebSite\",\"@id\":\"https:\/\/somrie.com\/#website\",\"url\":\"https:\/\/somrie.com\/\",\"name\":\"Somrie\",\"description\":\"Personal Shopper Inmobiliario\",\"potentialAction\":[{\"@type\":\"SearchAction\",\"target\":{\"@type\":\"EntryPoint\",\"urlTemplate\":\"https:\/\/somrie.com\/?s={search_term_string}\"},\"query-input\":{\"@type\":\"PropertyValueSpecification\",\"valueRequired\":true,\"valueName\":\"search_term_string\"}}],\"inLanguage\":\"ca\"}]}<\/script>\n<!-- \/ Yoast SEO Premium plugin. -->","yoast_head_json":{"title":"Condicions legals - Somrie","robots":{"index":"index","follow":"follow","max-snippet":"max-snippet:-1","max-image-preview":"max-image-preview:large","max-video-preview":"max-video-preview:-1"},"canonical":"https:\/\/somrie.com\/ca\/condicions-legals\/","og_locale":"ca_ES","og_type":"article","og_title":"Condicions legals","og_description":"Aquesta web i el seu contingut inclosos text, imatges i arxius de so, com tots els altres continguts, s\u00f3n propietat de SOMRIE servicios Personal Shopper S.L. B-65.770.489 o altres entitats relacionades amb el consorci de tercers que estan autoritzats per utilitzar aquest contingut per SOMRIE servicios Personal Shopper S.L. Tots els drets reservats. L&#8217;acc\u00e9s a [&hellip;]","og_url":"https:\/\/somrie.com\/ca\/condicions-legals\/","og_site_name":"Somrie","article_modified_time":"2015-09-15T21:45:50+00:00","twitter_card":"summary_large_image","twitter_misc":{"Temps estimat de lectura":"2 minuts"},"schema":{"@context":"https:\/\/schema.org","@graph":[{"@type":"WebPage","@id":"https:\/\/somrie.com\/ca\/condicions-legals\/","url":"https:\/\/somrie.com\/ca\/condicions-legals\/","name":"Condicions legals - Somrie","isPartOf":{"@id":"https:\/\/somrie.com\/#website"},"datePublished":"2015-09-15T21:21:47+00:00","dateModified":"2015-09-15T21:45:50+00:00","breadcrumb":{"@id":"https:\/\/somrie.com\/ca\/condicions-legals\/#breadcrumb"},"inLanguage":"ca","potentialAction":[{"@type":"ReadAction","target":["https:\/\/somrie.com\/ca\/condicions-legals\/"]}]},{"@type":"BreadcrumbList","@id":"https:\/\/somrie.com\/ca\/condicions-legals\/#breadcrumb","itemListElement":[{"@type":"ListItem","position":1,"name":"Portada","item":"https:\/\/somrie.com\/"},{"@type":"ListItem","position":2,"name":"Condicions legals"}]},{"@type":"WebSite","@id":"https:\/\/somrie.com\/#website","url":"https:\/\/somrie.com\/","name":"Somrie","description":"Personal Shopper Inmobiliario","potentialAction":[{"@type":"SearchAction","target":{"@type":"EntryPoint","urlTemplate":"https:\/\/somrie.com\/?s={search_term_string}"},"query-input":{"@type":"PropertyValueSpecification","valueRequired":true,"valueName":"search_term_string"}}],"inLanguage":"ca"}]}},"_links":{"self":[{"href":"https:\/\/somrie.com\/ca\/wp-json\/wp\/v2\/pages\/13367","targetHints":{"allow":["GET"]}}],"collection":[{"href":"https:\/\/somrie.com\/ca\/wp-json\/wp\/v2\/pages"}],"about":[{"href":"https:\/\/somrie.com\/ca\/wp-json\/wp\/v2\/types\/page"}],"author":[{"embeddable":true,"href":"https:\/\/somrie.com\/ca\/wp-json\/wp\/v2\/users\/1"}],"replies":[{"embeddable":true,"href":"https:\/\/somrie.com\/ca\/wp-json\/wp\/v2\/comments?post=13367"}],"version-history":[{"count":1,"href":"https:\/\/somrie.com\/ca\/wp-json\/wp\/v2\/pages\/13367\/revisions"}],"predecessor-version":[{"id":13373,"href":"https:\/\/somrie.com\/ca\/wp-json\/wp\/v2\/pages\/13367\/revisions\/13373"}],"wp:attachment":[{"href":"https:\/\/somrie.com\/ca\/wp-json\/wp\/v2\/media?parent=13367"}],"curies":[{"name":"wp","href":"https:\/\/api.w.org\/{rel}","templated":true}]}}