{"id":13363,"date":"2015-09-15T21:21:47","date_gmt":"2015-09-15T21:21:47","guid":{"rendered":"http:\/\/somrie.com\/fr\/?page_id=13363"},"modified":"2015-09-15T21:39:01","modified_gmt":"2015-09-15T21:39:01","slug":"mentions-legales","status":"publish","type":"page","link":"https:\/\/somrie.com\/fr\/mentions-legales\/","title":{"rendered":"Mentions l\u00e9gales"},"content":{"rendered":"<p>Ce site et son contenu, y compris le texte, les images et les fichiers sonores, comme tous les autres contenus sont la propri\u00e9t\u00e9 de SOMRIE servicios Personal Shopper SL B-65770489, ou d&#8217;autres entit\u00e9s impliqu\u00e9es dans le consortium des tiers qui sont autoris\u00e9s \u00e0 utiliser le contenu de SOMRIE Servicios Personal Shopper SL. Tous droits r\u00e9serv\u00e9s. L&#8217;acc\u00e8s \u00e0 ce site est soumis aux conditions suivantes:<\/p>\n<ul>\n<li>L&#8217;utilisation de ce site est destin\u00e9e uniquement \u00e0 des fins personnelles; l&#8217;utilisation commerciale est interdite. Ce site et son contenu ne peuvent pas \u00eatre modifi\u00e9s en aucune mani\u00e8re.<\/li>\n<li>L&#8217;information administrative fournie par ce site ne remplace pas la publication des lois, des r\u00e8glements et des lois g\u00e9n\u00e9rales qui doivent \u00eatre officiellement publi\u00e9s dans la Gazette officielle du gouvernement de la Catalogne (DGOC) et dans d\u2019autres bulletins officiels \u00e9tant les seuls instruments valables pour d\u00e9terminer l&#8217;authenticit\u00e9 de ce contenu.<\/li>\n<li>Le consortium n\u2019est pas responsable de l&#8217;information qui peut \u00eatre obtenue \u00e0 partir de liens \u00e0 des sites externes qui ne sont pas subordonn\u00e9s \u00e0 cette entit\u00e9.<\/li>\n<li>SOMRIE servicios Personal Shopper S.L. ne garantit pas que le site web et le serveur ne contiennent aucun virus et ne sont pas responsables des dommages caus\u00e9s par l&#8217;acc\u00e8s au site ou par l&#8217;impossibilit\u00e9 d\u2019y acc\u00e9der.<\/li>\n<li>Tous les cookies ou autres technologies similaires utilis\u00e9es ne stockeront pas les informations qui peuvent \u00eatre utilis\u00e9es pour l\u2019identification des utilisateurs individuels du site web.<\/li>\n<li>Toutes informations personnelles fournies \u00e0 SOMRIE servicios Personal Shopper SL seront administr\u00e9es conform\u00e9ment \u00e0 l&#8217;article 5 de la loi organique 15\/1999 du 13 D\u00e9cembre sur la protection des donn\u00e9es personnelles (LOPD).<\/li>\n<\/ul>\n<p>Si vous souhaitez exercer les droits de rectification, annulation et opposition de vos donn\u00e9es personnelles ou de leur utilisation, veuillez contacter SOMRIE Servicios Personal Shopper SL au courriel suivant:<\/p>\n<p><a href=\"mailto:info@somrie.com\"><strong>info@somrie.com<\/strong><\/a><\/p>\n<p><strong>ou par courrier ordinaire \u00e0:<\/strong><\/p>\n<p>Passeig de Gr\u00e0cia 16, 3-3<br \/>\n08007- Barcelona<br \/>\n\u00a9 SOMRIE Servicios Personal Shopper SL<\/p>\n","protected":false},"excerpt":{"rendered":"<p>Ce site et son contenu, y compris le texte, les images et les fichiers sonores, comme tous les autres contenus sont la propri\u00e9t\u00e9 de SOMRIE servicios Personal Shopper SL B-65770489, ou d&#8217;autres entit\u00e9s impliqu\u00e9es dans le consortium des tiers qui sont autoris\u00e9s \u00e0 utiliser le contenu de SOMRIE Servicios Personal Shopper SL. Tous droits r\u00e9serv\u00e9s. [&hellip;]<\/p>\n","protected":false},"author":1,"featured_media":0,"parent":0,"menu_order":0,"comment_status":"closed","ping_status":"closed","template":"","meta":{"inline_featured_image":false,"footnotes":""},"class_list":["post-13363","page","type-page","status-publish","hentry"],"yoast_head":"<!-- This site is optimized with the Yoast SEO Premium plugin v20.9 (Yoast SEO v24.0) - https:\/\/yoast.com\/wordpress\/plugins\/seo\/ -->\n<title>Mentions l\u00e9gales - Somrie<\/title>\n<meta name=\"robots\" content=\"index, follow, max-snippet:-1, max-image-preview:large, max-video-preview:-1\" \/>\n<link rel=\"canonical\" href=\"https:\/\/somrie.com\/fr\/mentions-legales\/\" \/>\n<meta property=\"og:locale\" content=\"fr_FR\" \/>\n<meta property=\"og:type\" content=\"article\" \/>\n<meta property=\"og:title\" content=\"Mentions l\u00e9gales\" \/>\n<meta property=\"og:description\" content=\"Ce site et son contenu, y compris le texte, les images et les fichiers sonores, comme tous les autres contenus sont la propri\u00e9t\u00e9 de SOMRIE servicios Personal Shopper SL B-65770489, ou d&#8217;autres entit\u00e9s impliqu\u00e9es dans le consortium des tiers qui sont autoris\u00e9s \u00e0 utiliser le contenu de SOMRIE Servicios Personal Shopper SL. Tous droits r\u00e9serv\u00e9s. [&hellip;]\" \/>\n<meta property=\"og:url\" content=\"https:\/\/somrie.com\/fr\/mentions-legales\/\" \/>\n<meta property=\"og:site_name\" content=\"Somrie\" \/>\n<meta property=\"article:modified_time\" content=\"2015-09-15T21:39:01+00:00\" \/>\n<meta name=\"twitter:card\" content=\"summary_large_image\" \/>\n<meta name=\"twitter:label1\" content=\"Dur\u00e9e de lecture estim\u00e9e\" \/>\n\t<meta name=\"twitter:data1\" content=\"2 minutes\" \/>\n<script type=\"application\/ld+json\" class=\"yoast-schema-graph\">{\"@context\":\"https:\/\/schema.org\",\"@graph\":[{\"@type\":\"WebPage\",\"@id\":\"https:\/\/somrie.com\/fr\/mentions-legales\/\",\"url\":\"https:\/\/somrie.com\/fr\/mentions-legales\/\",\"name\":\"Mentions l\u00e9gales - Somrie\",\"isPartOf\":{\"@id\":\"https:\/\/somrie.com\/#website\"},\"datePublished\":\"2015-09-15T21:21:47+00:00\",\"dateModified\":\"2015-09-15T21:39:01+00:00\",\"breadcrumb\":{\"@id\":\"https:\/\/somrie.com\/fr\/mentions-legales\/#breadcrumb\"},\"inLanguage\":\"fr-FR\",\"potentialAction\":[{\"@type\":\"ReadAction\",\"target\":[\"https:\/\/somrie.com\/fr\/mentions-legales\/\"]}]},{\"@type\":\"BreadcrumbList\",\"@id\":\"https:\/\/somrie.com\/fr\/mentions-legales\/#breadcrumb\",\"itemListElement\":[{\"@type\":\"ListItem\",\"position\":1,\"name\":\"Portada\",\"item\":\"https:\/\/somrie.com\/\"},{\"@type\":\"ListItem\",\"position\":2,\"name\":\"Mentions l\u00e9gales\"}]},{\"@type\":\"WebSite\",\"@id\":\"https:\/\/somrie.com\/#website\",\"url\":\"https:\/\/somrie.com\/\",\"name\":\"Somrie\",\"description\":\"Personal Shopper Inmobiliario\",\"potentialAction\":[{\"@type\":\"SearchAction\",\"target\":{\"@type\":\"EntryPoint\",\"urlTemplate\":\"https:\/\/somrie.com\/?s={search_term_string}\"},\"query-input\":{\"@type\":\"PropertyValueSpecification\",\"valueRequired\":true,\"valueName\":\"search_term_string\"}}],\"inLanguage\":\"fr-FR\"}]}<\/script>\n<!-- \/ Yoast SEO Premium plugin. -->","yoast_head_json":{"title":"Mentions l\u00e9gales - Somrie","robots":{"index":"index","follow":"follow","max-snippet":"max-snippet:-1","max-image-preview":"max-image-preview:large","max-video-preview":"max-video-preview:-1"},"canonical":"https:\/\/somrie.com\/fr\/mentions-legales\/","og_locale":"fr_FR","og_type":"article","og_title":"Mentions l\u00e9gales","og_description":"Ce site et son contenu, y compris le texte, les images et les fichiers sonores, comme tous les autres contenus sont la propri\u00e9t\u00e9 de SOMRIE servicios Personal Shopper SL B-65770489, ou d&#8217;autres entit\u00e9s impliqu\u00e9es dans le consortium des tiers qui sont autoris\u00e9s \u00e0 utiliser le contenu de SOMRIE Servicios Personal Shopper SL. Tous droits r\u00e9serv\u00e9s. [&hellip;]","og_url":"https:\/\/somrie.com\/fr\/mentions-legales\/","og_site_name":"Somrie","article_modified_time":"2015-09-15T21:39:01+00:00","twitter_card":"summary_large_image","twitter_misc":{"Dur\u00e9e de lecture estim\u00e9e":"2 minutes"},"schema":{"@context":"https:\/\/schema.org","@graph":[{"@type":"WebPage","@id":"https:\/\/somrie.com\/fr\/mentions-legales\/","url":"https:\/\/somrie.com\/fr\/mentions-legales\/","name":"Mentions l\u00e9gales - Somrie","isPartOf":{"@id":"https:\/\/somrie.com\/#website"},"datePublished":"2015-09-15T21:21:47+00:00","dateModified":"2015-09-15T21:39:01+00:00","breadcrumb":{"@id":"https:\/\/somrie.com\/fr\/mentions-legales\/#breadcrumb"},"inLanguage":"fr-FR","potentialAction":[{"@type":"ReadAction","target":["https:\/\/somrie.com\/fr\/mentions-legales\/"]}]},{"@type":"BreadcrumbList","@id":"https:\/\/somrie.com\/fr\/mentions-legales\/#breadcrumb","itemListElement":[{"@type":"ListItem","position":1,"name":"Portada","item":"https:\/\/somrie.com\/"},{"@type":"ListItem","position":2,"name":"Mentions l\u00e9gales"}]},{"@type":"WebSite","@id":"https:\/\/somrie.com\/#website","url":"https:\/\/somrie.com\/","name":"Somrie","description":"Personal Shopper Inmobiliario","potentialAction":[{"@type":"SearchAction","target":{"@type":"EntryPoint","urlTemplate":"https:\/\/somrie.com\/?s={search_term_string}"},"query-input":{"@type":"PropertyValueSpecification","valueRequired":true,"valueName":"search_term_string"}}],"inLanguage":"fr-FR"}]}},"_links":{"self":[{"href":"https:\/\/somrie.com\/fr\/wp-json\/wp\/v2\/pages\/13363","targetHints":{"allow":["GET"]}}],"collection":[{"href":"https:\/\/somrie.com\/fr\/wp-json\/wp\/v2\/pages"}],"about":[{"href":"https:\/\/somrie.com\/fr\/wp-json\/wp\/v2\/types\/page"}],"author":[{"embeddable":true,"href":"https:\/\/somrie.com\/fr\/wp-json\/wp\/v2\/users\/1"}],"replies":[{"embeddable":true,"href":"https:\/\/somrie.com\/fr\/wp-json\/wp\/v2\/comments?post=13363"}],"version-history":[{"count":2,"href":"https:\/\/somrie.com\/fr\/wp-json\/wp\/v2\/pages\/13363\/revisions"}],"predecessor-version":[{"id":13375,"href":"https:\/\/somrie.com\/fr\/wp-json\/wp\/v2\/pages\/13363\/revisions\/13375"}],"wp:attachment":[{"href":"https:\/\/somrie.com\/fr\/wp-json\/wp\/v2\/media?parent=13363"}],"curies":[{"name":"wp","href":"https:\/\/api.w.org\/{rel}","templated":true}]}}